{"id":1555,"date":"2020-06-28T10:13:41","date_gmt":"2020-06-28T08:13:41","guid":{"rendered":"https:\/\/fibonacci1.wpenginepowered.com\/ueber-uns\/"},"modified":"2023-11-07T15:18:54","modified_gmt":"2023-11-07T13:18:54","slug":"ueber-uns","status":"publish","type":"page","link":"https:\/\/fibonacci.co.at\/de\/ueber-uns\/","title":{"rendered":"\u00dcber uns"},"content":{"rendered":"\t\t<div data-elementor-type=\"wp-page\" data-elementor-id=\"1555\" class=\"elementor elementor-1555 elementor-1392\">\n\t\t\t\t\t\t\t\t\t<section class=\"elementor-section elementor-top-section elementor-element elementor-element-0864217 elementor-reverse-mobile elementor-section-boxed elementor-section-height-default elementor-section-height-default\" data-id=\"0864217\" data-element_type=\"section\">\n\t\t\t\t\t\t<div class=\"elementor-container elementor-column-gap-extended\">\n\t\t\t\t\t<div class=\"elementor-column elementor-col-50 elementor-top-column elementor-element elementor-element-a3d6ad8\" data-id=\"a3d6ad8\" data-element_type=\"column\">\n\t\t\t<div class=\"elementor-widget-wrap elementor-element-populated\">\n\t\t\t\t\t\t\t\t<div class=\"elementor-element elementor-element-fa30d2a elementor-widget elementor-widget-heading\" data-id=\"fa30d2a\" data-element_type=\"widget\" data-widget_type=\"heading.default\">\n\t\t\t\t<div class=\"elementor-widget-container\">\n\t\t\t<style>\/*! elementor - v3.17.0 - 01-11-2023 *\/\n.elementor-heading-title{padding:0;margin:0;line-height:1}.elementor-widget-heading .elementor-heading-title[class*=elementor-size-]>a{color:inherit;font-size:inherit;line-height:inherit}.elementor-widget-heading .elementor-heading-title.elementor-size-small{font-size:15px}.elementor-widget-heading .elementor-heading-title.elementor-size-medium{font-size:19px}.elementor-widget-heading .elementor-heading-title.elementor-size-large{font-size:29px}.elementor-widget-heading .elementor-heading-title.elementor-size-xl{font-size:39px}.elementor-widget-heading .elementor-heading-title.elementor-size-xxl{font-size:59px}<\/style><h2 class=\"elementor-heading-title elementor-size-default\">Kateryna Krynytska<\/h2>\t\t<\/div>\n\t\t\t\t<\/div>\n\t\t\t\t<div class=\"elementor-element elementor-element-ee63159 elementor-widget elementor-widget-text-editor\" data-id=\"ee63159\" data-element_type=\"widget\" data-widget_type=\"text-editor.default\">\n\t\t\t\t<div class=\"elementor-widget-container\">\n\t\t\t<style>\/*! elementor - v3.17.0 - 01-11-2023 *\/\n.elementor-widget-text-editor.elementor-drop-cap-view-stacked .elementor-drop-cap{background-color:#69727d;color:#fff}.elementor-widget-text-editor.elementor-drop-cap-view-framed .elementor-drop-cap{color:#69727d;border:3px solid;background-color:transparent}.elementor-widget-text-editor:not(.elementor-drop-cap-view-default) .elementor-drop-cap{margin-top:8px}.elementor-widget-text-editor:not(.elementor-drop-cap-view-default) .elementor-drop-cap-letter{width:1em;height:1em}.elementor-widget-text-editor .elementor-drop-cap{float:left;text-align:center;line-height:1;font-size:50px}.elementor-widget-text-editor .elementor-drop-cap-letter{display:inline-block}<\/style>\t\t\t\t<p><strong>Kateryna Krynytska<\/strong> <span style=\"font-weight: 400;\">ist eine<\/span> <span style=\"font-weight: 400;\">erfahrene F\u00fchrungskraft im Finanzrisikomanagement, leidenschaftliche Produktinhaberin und Projektmanagerin f\u00fcr IT-Projekte in den Bereichen Bankwesen, Risikomanagement und Business Intelligence. Expertise in integriertem Risikomanagement, Markt- und Liquidit\u00e4tsrisiken, Kreditportfoliomanagement, regulatorischer Compliance sowie Datenmodelldesign und L\u00f6sungsarchitektur f\u00fcr Risiko-IT-Projekte. Know-how beim Aufbau, Training und der Verbesserung von Teams; Design und Implementierung schlanker Prozesse und Frameworks.<\/span><\/p>\t\t\t\t\t\t<\/div>\n\t\t\t\t<\/div>\n\t\t\t\t\t<\/div>\n\t\t<\/div>\n\t\t\t\t<div class=\"elementor-column elementor-col-50 elementor-top-column elementor-element elementor-element-e88ca5a\" data-id=\"e88ca5a\" data-element_type=\"column\">\n\t\t\t<div class=\"elementor-widget-wrap elementor-element-populated\">\n\t\t\t\t\t\t\t\t<div class=\"elementor-element elementor-element-79b110a elementor-widget elementor-widget-image\" data-id=\"79b110a\" data-element_type=\"widget\" data-widget_type=\"image.default\">\n\t\t\t\t<div class=\"elementor-widget-container\">\n\t\t\t<style>\/*! elementor - v3.17.0 - 01-11-2023 *\/\n.elementor-widget-image{text-align:center}.elementor-widget-image a{display:inline-block}.elementor-widget-image a img[src$=\".svg\"]{width:48px}.elementor-widget-image img{vertical-align:middle;display:inline-block}<\/style>\t\t\t\t\t\t\t\t\t\t\t\t<img loading=\"lazy\" decoding=\"async\" width=\"768\" height=\"768\" src=\"https:\/\/fibonacci.co.at\/wp-content\/uploads\/2023\/11\/kateryna-1-768x768.jpeg\" class=\"attachment-medium_large size-medium_large wp-image-1648\" alt=\"\" srcset=\"https:\/\/fibonacci.co.at\/wp-content\/uploads\/2023\/11\/kateryna-1-768x768.jpeg 768w, https:\/\/fibonacci.co.at\/wp-content\/uploads\/2023\/11\/kateryna-1-300x300.jpeg 300w, https:\/\/fibonacci.co.at\/wp-content\/uploads\/2023\/11\/kateryna-1-150x150.jpeg 150w, https:\/\/fibonacci.co.at\/wp-content\/uploads\/2023\/11\/kateryna-1-600x600.jpeg 600w, https:\/\/fibonacci.co.at\/wp-content\/uploads\/2023\/11\/kateryna-1.jpeg 800w\" sizes=\"auto, (max-width: 768px) 100vw, 768px\" \/>\t\t\t\t\t\t\t\t\t\t\t\t\t\t\t<\/div>\n\t\t\t\t<\/div>\n\t\t\t\t\t<\/div>\n\t\t<\/div>\n\t\t\t\t\t\t\t<\/div>\n\t\t<\/section>\n\t\t\t\t<section class=\"elementor-section elementor-top-section elementor-element elementor-element-16f07a26 elementor-section-boxed elementor-section-height-default elementor-section-height-default\" data-id=\"16f07a26\" data-element_type=\"section\">\n\t\t\t\t\t\t<div class=\"elementor-container elementor-column-gap-extended\">\n\t\t\t\t\t<div class=\"elementor-column elementor-col-100 elementor-top-column elementor-element elementor-element-6ee209da\" data-id=\"6ee209da\" data-element_type=\"column\">\n\t\t\t<div class=\"elementor-widget-wrap elementor-element-populated\">\n\t\t\t\t\t\t\t\t<div class=\"elementor-element elementor-element-7ad1e319 elementor-widget elementor-widget-heading\" data-id=\"7ad1e319\" data-element_type=\"widget\" data-widget_type=\"heading.default\">\n\t\t\t\t<div class=\"elementor-widget-container\">\n\t\t\t<h2 class=\"elementor-heading-title elementor-size-default\">Sachverstand<\/h2>\t\t<\/div>\n\t\t\t\t<\/div>\n\t\t\t\t<div class=\"elementor-element elementor-element-f6c81b0 elementor-widget elementor-widget-text-editor\" data-id=\"f6c81b0\" data-element_type=\"widget\" data-widget_type=\"text-editor.default\">\n\t\t\t\t<div class=\"elementor-widget-container\">\n\t\t\t\t\t\t\t<p><span style=\"color: #9a9a9a; font-size: 16px; font-weight: 400;\">2007-2012:<\/span><span style=\"color: #151515;\"><span style=\"font-weight: 400;\"> Ukrainische Tochtergesellschaft der \u00f6sterreichischen Bank, Leiterin des Markt-, Liquidit\u00e4ts- und Finanzinstitutsrisikomanagements. Einf\u00fchrung von Risikorahmenwerken gem\u00e4\u00df den Anforderungen der \u00f6sterreichischen und ukrainischen Nationalbanken, Implementierung der ersten Zinsrisiko-Swaps auf dem ukrainischen Markt, Etablierung von Bewertungsprozessen f\u00fcr Wertpapiere und Derivate auf dem ukrainischen Markt.<\/span><\/span><\/p><p><span style=\"color: #9a9a9a; font-size: 16px; font-weight: 400;\">2012-2015:<\/span><span style=\"color: #151515;\"><span style=\"font-weight: 400;\"> Marktrisiko-L\u00e4ndermanager in einer \u00f6sterreichischen Bank mit 15 internationalen Tochtergesellschaften, verantwortlich f\u00fcr Ungarn, Albanien, Russland und \u00d6sterreich. Umsetzung des Gruppenprojekts zur umsichtigen Bewertung.<\/span><\/span><\/p><p><span style=\"color: #9a9a9a; font-size: 16px; font-weight: 400;\">2015-2019:<\/span><span style=\"font-weight: 400;\"> Leiter des integrierten Risikomanagements, Leiter des Markt- und Liquidit\u00e4tsrisikomanagements, Leiter des Basel-II-Projekts bei einer gro\u00dfen Gesch\u00e4ftsbank in Vietnam. Implementierung der Basel II-Standards und Entwicklung eigener IT-L\u00f6sungen f\u00fcr Basel II-Berechnungen gem\u00e4\u00df den Anforderungen der State Bank of Vietnam. Einrichtung des Risikomanagements f\u00fcr Finanzinstitute und des Bilanzrisikomanagements, Gr\u00fcndung des Markt- und Liquidit\u00e4tsrisikoausschusses der Bank.<\/span><\/p><p><span style=\"color: #9a9a9a; font-size: 16px; font-weight: 400;\">2019-2022:<\/span><span style=\"font-weight: 400;\"> Leiter Markt- und Liquidit\u00e4tsrisikomanagement, Leiter Risiko-IT f\u00fcr eine in \u00d6sterreich ans\u00e4ssige Bank mit 8 ausl\u00e4ndischen Tochtergesellschaften. Erfolgreiche Pr\u00fcfung des Liquidit\u00e4tsrisikomanagements durch die \u00d6sterreichische Nationalbank. Implementierung einer Marktdatenmanagementl\u00f6sung.<\/span><\/p><p><span style=\"color: #9a9a9a; font-size: 16px; font-weight: 400;\">Seit 2017<\/span> \u2013 Gesch\u00e4ftsf\u00fchrer der Fibonacci GmbH.<\/p>\t\t\t\t\t\t<\/div>\n\t\t\t\t<\/div>\n\t\t\t\t\t<\/div>\n\t\t<\/div>\n\t\t\t\t\t\t\t<\/div>\n\t\t<\/section>\n\t\t\t\t<section class=\"elementor-section elementor-top-section elementor-element elementor-element-94603bf elementor-section-boxed elementor-section-height-default elementor-section-height-default\" data-id=\"94603bf\" data-element_type=\"section\">\n\t\t\t\t\t\t<div class=\"elementor-container elementor-column-gap-default\">\n\t\t\t\t\t<div class=\"elementor-column elementor-col-100 elementor-top-column elementor-element elementor-element-37eda58\" data-id=\"37eda58\" data-element_type=\"column\">\n\t\t\t<div class=\"elementor-widget-wrap elementor-element-populated\">\n\t\t\t\t\t\t\t\t<div class=\"elementor-element elementor-element-e8232c9 elementor-widget elementor-widget-heading\" data-id=\"e8232c9\" data-element_type=\"widget\" data-widget_type=\"heading.default\">\n\t\t\t\t<div class=\"elementor-widget-container\">\n\t\t\t<h2 class=\"elementor-heading-title elementor-size-default\">Dienstleistungen und Unternehmen<\/h2>\t\t<\/div>\n\t\t\t\t<\/div>\n\t\t\t\t<div class=\"elementor-element elementor-element-0336ebb elementor-widget elementor-widget-spacer\" data-id=\"0336ebb\" data-element_type=\"widget\" data-widget_type=\"spacer.default\">\n\t\t\t\t<div class=\"elementor-widget-container\">\n\t\t\t<style>\/*! elementor - v3.17.0 - 01-11-2023 *\/\n.elementor-column .elementor-spacer-inner{height:var(--spacer-size)}.e-con{--container-widget-width:100%}.e-con-inner>.elementor-widget-spacer,.e-con>.elementor-widget-spacer{width:var(--container-widget-width,var(--spacer-size));--align-self:var(--container-widget-align-self,initial);--flex-shrink:0}.e-con-inner>.elementor-widget-spacer>.elementor-widget-container,.e-con>.elementor-widget-spacer>.elementor-widget-container{height:100%;width:100%}.e-con-inner>.elementor-widget-spacer>.elementor-widget-container>.elementor-spacer,.e-con>.elementor-widget-spacer>.elementor-widget-container>.elementor-spacer{height:100%}.e-con-inner>.elementor-widget-spacer>.elementor-widget-container>.elementor-spacer>.elementor-spacer-inner,.e-con>.elementor-widget-spacer>.elementor-widget-container>.elementor-spacer>.elementor-spacer-inner{height:var(--container-widget-height,var(--spacer-size))}.e-con-inner>.elementor-widget-spacer.elementor-widget-empty,.e-con>.elementor-widget-spacer.elementor-widget-empty{position:relative;min-height:22px;min-width:22px}.e-con-inner>.elementor-widget-spacer.elementor-widget-empty .elementor-widget-empty-icon,.e-con>.elementor-widget-spacer.elementor-widget-empty .elementor-widget-empty-icon{position:absolute;top:0;bottom:0;left:0;right:0;margin:auto;padding:0;width:22px;height:22px}<\/style>\t\t<div class=\"elementor-spacer\">\n\t\t\t<div class=\"elementor-spacer-inner\"><\/div>\n\t\t<\/div>\n\t\t\t\t<\/div>\n\t\t\t\t<\/div>\n\t\t\t\t\t<\/div>\n\t\t<\/div>\n\t\t\t\t\t\t\t<\/div>\n\t\t<\/section>\n\t\t\t\t<section class=\"elementor-section elementor-top-section elementor-element elementor-element-f32db29 elementor-section-boxed elementor-section-height-default elementor-section-height-default\" data-id=\"f32db29\" data-element_type=\"section\">\n\t\t\t\t\t\t<div class=\"elementor-container elementor-column-gap-extended\">\n\t\t\t\t\t<div class=\"elementor-column elementor-col-50 elementor-top-column elementor-element elementor-element-7d38146\" data-id=\"7d38146\" data-element_type=\"column\">\n\t\t\t<div class=\"elementor-widget-wrap elementor-element-populated\">\n\t\t\t\t\t\t\t\t<div class=\"elementor-element elementor-element-eb5ddec elementor-widget elementor-widget-text-editor\" data-id=\"eb5ddec\" data-element_type=\"widget\" data-widget_type=\"text-editor.default\">\n\t\t\t\t<div class=\"elementor-widget-container\">\n\t\t\t\t\t\t\t<p><strong>Fibonacci<\/strong> ist ein Boutique-Beratungsunternehmen mit Sitz in Wien, \u00d6sterreich. Das Unternehmen ist auf Risikomanagement und Risiko-IT-Beratung f\u00fcr Banken spezialisiert.<\/p>\n<p>Zu den Projekten, an denen wir beteiligt sind, geh\u00f6ren:<br \/>&#8211; Implementierung des IFRS 9-Rahmenwerks f\u00fcr eine gro\u00dfe, universelle Gesch\u00e4ftsbank, Implementierung einer IT-L\u00f6sung zur Berechnung der Kreditrisikor\u00fcckstellungen.<\/p>\n\t\t\t\t\t\t<\/div>\n\t\t\t\t<\/div>\n\t\t\t\t\t<\/div>\n\t\t<\/div>\n\t\t\t\t<div class=\"elementor-column elementor-col-50 elementor-top-column elementor-element elementor-element-1183850\" data-id=\"1183850\" data-element_type=\"column\">\n\t\t\t<div class=\"elementor-widget-wrap elementor-element-populated\">\n\t\t\t\t\t\t\t\t<div class=\"elementor-element elementor-element-ff80460 elementor-widget elementor-widget-text-editor\" data-id=\"ff80460\" data-element_type=\"widget\" data-widget_type=\"text-editor.default\">\n\t\t\t\t<div class=\"elementor-widget-container\">\n\t\t\t\t\t\t\t<p>&#8211; Unterst\u00fctzung bei der Implementierung des Asset-Liability-Managementsystems f\u00fcr eine gro\u00dfe Universal-Gesch\u00e4ftsbank.<br \/>&#8211; L\u00fcckenanalyse des Risikomanagementrahmens f\u00fcr eine Privatkundenbank, Schulung und Implementierung der wesentlichen Risikoberichterstattung.<br \/>&#8211; Unterst\u00fctzung bei der Einf\u00fchrung eines Floating-Rate-Index f\u00fcr eine Privatkundenbank im Schwellenland.<\/p>\n\t\t\t\t\t\t<\/div>\n\t\t\t\t<\/div>\n\t\t\t\t\t<\/div>\n\t\t<\/div>\n\t\t\t\t\t\t\t<\/div>\n\t\t<\/section>\n\t\t\t\t\t\t\t<\/div>\n\t\t","protected":false},"excerpt":{"rendered":"<p>Kateryna Krynytska Kateryna Krynytska ist eine erfahrene F\u00fchrungskraft im Finanzrisikomanagement, leidenschaftliche Produktinhaberin und Projektmanagerin f\u00fcr IT-Projekte in den Bereichen Bankwesen, Risikomanagement und Business Intelligence. Expertise in integriertem Risikomanagement, Markt- und Liquidit\u00e4tsrisiken, Kreditportfoliomanagement, regulatorischer Compliance sowie Datenmodelldesign und L\u00f6sungsarchitektur f\u00fcr Risiko-IT-Projekte. Know-how beim Aufbau, Training und der Verbesserung von Teams; Design und Implementierung schlanker Prozesse und [&hellip;]<\/p>\n","protected":false},"author":1,"featured_media":0,"parent":0,"menu_order":0,"comment_status":"closed","ping_status":"closed","template":"","meta":{"_seopress_robots_primary_cat":"","footnotes":""},"class_list":["post-1555","page","type-page","status-publish","hentry"],"_links":{"self":[{"href":"https:\/\/fibonacci.co.at\/de\/wp-json\/wp\/v2\/pages\/1555","targetHints":{"allow":["GET"]}}],"collection":[{"href":"https:\/\/fibonacci.co.at\/de\/wp-json\/wp\/v2\/pages"}],"about":[{"href":"https:\/\/fibonacci.co.at\/de\/wp-json\/wp\/v2\/types\/page"}],"author":[{"embeddable":true,"href":"https:\/\/fibonacci.co.at\/de\/wp-json\/wp\/v2\/users\/1"}],"replies":[{"embeddable":true,"href":"https:\/\/fibonacci.co.at\/de\/wp-json\/wp\/v2\/comments?post=1555"}],"version-history":[{"count":0,"href":"https:\/\/fibonacci.co.at\/de\/wp-json\/wp\/v2\/pages\/1555\/revisions"}],"wp:attachment":[{"href":"https:\/\/fibonacci.co.at\/de\/wp-json\/wp\/v2\/media?parent=1555"}],"curies":[{"name":"wp","href":"https:\/\/api.w.org\/{rel}","templated":true}]}}