{"id":1556,"date":"2020-06-27T13:10:17","date_gmt":"2020-06-27T11:10:17","guid":{"rendered":"https:\/\/fibonacci1.wpenginepowered.com\/datenschutzrichtlinie\/"},"modified":"2023-10-26T13:23:58","modified_gmt":"2023-10-26T11:23:58","slug":"datenschutzrichtlinie","status":"publish","type":"page","link":"https:\/\/fibonacci.co.at\/de\/datenschutzrichtlinie\/","title":{"rendered":"Datenschutzrichtlinie"},"content":{"rendered":"\t\t<div data-elementor-type=\"wp-page\" data-elementor-id=\"1556\" class=\"elementor elementor-1556 elementor-1346\">\n\t\t\t\t\t\t\t\t\t<section class=\"elementor-section elementor-top-section elementor-element elementor-element-6ba9945a elementor-section-boxed elementor-section-height-default elementor-section-height-default\" data-id=\"6ba9945a\" data-element_type=\"section\">\n\t\t\t\t\t\t<div class=\"elementor-container elementor-column-gap-default\">\n\t\t\t\t\t<div class=\"elementor-column elementor-col-100 elementor-top-column elementor-element elementor-element-6a1ce30c\" data-id=\"6a1ce30c\" data-element_type=\"column\">\n\t\t\t<div class=\"elementor-widget-wrap elementor-element-populated\">\n\t\t\t\t\t\t\t\t<div class=\"elementor-element elementor-element-1f553376 elementor-widget elementor-widget-spacer\" data-id=\"1f553376\" data-element_type=\"widget\" data-widget_type=\"spacer.default\">\n\t\t\t\t<div class=\"elementor-widget-container\">\n\t\t\t<style>\/*! elementor - v3.17.0 - 01-11-2023 *\/\n.elementor-column .elementor-spacer-inner{height:var(--spacer-size)}.e-con{--container-widget-width:100%}.e-con-inner>.elementor-widget-spacer,.e-con>.elementor-widget-spacer{width:var(--container-widget-width,var(--spacer-size));--align-self:var(--container-widget-align-self,initial);--flex-shrink:0}.e-con-inner>.elementor-widget-spacer>.elementor-widget-container,.e-con>.elementor-widget-spacer>.elementor-widget-container{height:100%;width:100%}.e-con-inner>.elementor-widget-spacer>.elementor-widget-container>.elementor-spacer,.e-con>.elementor-widget-spacer>.elementor-widget-container>.elementor-spacer{height:100%}.e-con-inner>.elementor-widget-spacer>.elementor-widget-container>.elementor-spacer>.elementor-spacer-inner,.e-con>.elementor-widget-spacer>.elementor-widget-container>.elementor-spacer>.elementor-spacer-inner{height:var(--container-widget-height,var(--spacer-size))}.e-con-inner>.elementor-widget-spacer.elementor-widget-empty,.e-con>.elementor-widget-spacer.elementor-widget-empty{position:relative;min-height:22px;min-width:22px}.e-con-inner>.elementor-widget-spacer.elementor-widget-empty .elementor-widget-empty-icon,.e-con>.elementor-widget-spacer.elementor-widget-empty .elementor-widget-empty-icon{position:absolute;top:0;bottom:0;left:0;right:0;margin:auto;padding:0;width:22px;height:22px}<\/style>\t\t<div class=\"elementor-spacer\">\n\t\t\t<div class=\"elementor-spacer-inner\"><\/div>\n\t\t<\/div>\n\t\t\t\t<\/div>\n\t\t\t\t<\/div>\n\t\t\t\t<div class=\"elementor-element elementor-element-2b6d1f73 elementor-widget elementor-widget-heading\" data-id=\"2b6d1f73\" data-element_type=\"widget\" data-widget_type=\"heading.default\">\n\t\t\t\t<div class=\"elementor-widget-container\">\n\t\t\t<style>\/*! elementor - v3.17.0 - 01-11-2023 *\/\n.elementor-heading-title{padding:0;margin:0;line-height:1}.elementor-widget-heading .elementor-heading-title[class*=elementor-size-]>a{color:inherit;font-size:inherit;line-height:inherit}.elementor-widget-heading .elementor-heading-title.elementor-size-small{font-size:15px}.elementor-widget-heading .elementor-heading-title.elementor-size-medium{font-size:19px}.elementor-widget-heading .elementor-heading-title.elementor-size-large{font-size:29px}.elementor-widget-heading .elementor-heading-title.elementor-size-xl{font-size:39px}.elementor-widget-heading .elementor-heading-title.elementor-size-xxl{font-size:59px}<\/style><h2 class=\"elementor-heading-title elementor-size-default\">Datenschutzrichtlinie<\/h2>\t\t<\/div>\n\t\t\t\t<\/div>\n\t\t\t\t<div class=\"elementor-element elementor-element-60dbb2c elementor-widget elementor-widget-spacer\" data-id=\"60dbb2c\" data-element_type=\"widget\" data-widget_type=\"spacer.default\">\n\t\t\t\t<div class=\"elementor-widget-container\">\n\t\t\t\t\t<div class=\"elementor-spacer\">\n\t\t\t<div class=\"elementor-spacer-inner\"><\/div>\n\t\t<\/div>\n\t\t\t\t<\/div>\n\t\t\t\t<\/div>\n\t\t\t\t\t<\/div>\n\t\t<\/div>\n\t\t\t\t\t\t\t<\/div>\n\t\t<\/section>\n\t\t\t\t<section class=\"elementor-section elementor-top-section elementor-element elementor-element-57e93aa4 elementor-section-boxed elementor-section-height-default elementor-section-height-default\" data-id=\"57e93aa4\" data-element_type=\"section\">\n\t\t\t\t\t\t<div class=\"elementor-container elementor-column-gap-extended\">\n\t\t\t\t\t<div class=\"elementor-column elementor-col-100 elementor-top-column elementor-element elementor-element-5cb261eb\" data-id=\"5cb261eb\" data-element_type=\"column\">\n\t\t\t<div class=\"elementor-widget-wrap elementor-element-populated\">\n\t\t\t\t\t\t\t\t<div class=\"elementor-element elementor-element-40af450d elementor-widget elementor-widget-text-editor\" data-id=\"40af450d\" data-element_type=\"widget\" data-widget_type=\"text-editor.default\">\n\t\t\t\t<div class=\"elementor-widget-container\">\n\t\t\t<style>\/*! elementor - v3.17.0 - 01-11-2023 *\/\n.elementor-widget-text-editor.elementor-drop-cap-view-stacked .elementor-drop-cap{background-color:#69727d;color:#fff}.elementor-widget-text-editor.elementor-drop-cap-view-framed .elementor-drop-cap{color:#69727d;border:3px solid;background-color:transparent}.elementor-widget-text-editor:not(.elementor-drop-cap-view-default) .elementor-drop-cap{margin-top:8px}.elementor-widget-text-editor:not(.elementor-drop-cap-view-default) .elementor-drop-cap-letter{width:1em;height:1em}.elementor-widget-text-editor .elementor-drop-cap{float:left;text-align:center;line-height:1;font-size:50px}.elementor-widget-text-editor .elementor-drop-cap-letter{display:inline-block}<\/style>\t\t\t\t<p><span style=\"font-weight: 400;\">Wir haben diese Datenschutzerkl\u00e4rung (Version 27.08.2020-211132498) verfasst, um Ihnen gem\u00e4\u00df den <\/span><a href=\"https:\/\/eur-lex.europa.eu\/legal-content\/DE\/ALL\/?uri=celex%3A32016R0679&amp;tid=211132498\"><span style=\"font-weight: 400;\">Anforderungen der Datenschutz-Grundverordnung (EU) 2016\/679<\/span><\/a><span style=\"font-weight: 400;\">zu erkl\u00e4ren, welche Informationen wir sammeln, wie wir Daten verwenden und was Wahlm\u00f6glichkeiten, die Sie als Besucher dieser Website haben.<\/span><\/p>\n<h4><b>Automatische Datenspeicherung<\/b><\/h4>\n<p><span style=\"font-weight: 400;\">Wenn Sie heute Websites besuchen, werden bestimmte Informationen automatisch erstellt und gespeichert, auch auf dieser Website.<\/span><\/p>\n<p><span style=\"font-weight: 400;\">Wenn Sie unsere Website so besuchen, wie Sie sich gerade befinden, speichert unser Webserver (Computer, auf dem diese Website gespeichert ist) automatisch Daten wie z<\/span><\/p>\n<ul>\n<li style=\"font-weight: 400;\" aria-level=\"1\"><span style=\"font-weight: 400;\">die Adresse (URL) der aufgerufenen Website<\/span><\/li>\n<li style=\"font-weight: 400;\" aria-level=\"1\"><span style=\"font-weight: 400;\">Browser und Browserversion<\/span><\/li>\n<li style=\"font-weight: 400;\" aria-level=\"1\"><span style=\"font-weight: 400;\">das verwendete Betriebssystem<\/span><\/li>\n<li style=\"font-weight: 400;\" aria-level=\"1\"><span style=\"font-weight: 400;\">die Adresse (URL) der zuvor besuchten Seite (Referrer-URL)<\/span><\/li>\n<li style=\"font-weight: 400;\" aria-level=\"1\"><span style=\"font-weight: 400;\">den Hostnamen und die IP-Adresse des Ger\u00e4ts, von dem aus darauf zugegriffen wird<\/span><\/li>\n<li style=\"font-weight: 400;\" aria-level=\"1\"><span style=\"font-weight: 400;\">Datum und Uhrzeit<\/span><\/li>\n<\/ul>\n<p><span style=\"font-weight: 400;\">in Dateien (Webserver-Logdateien).<\/span><\/p>\n<p><span style=\"font-weight: 400;\">Webserver-Logfiles werden in der Regel zwei Wochen lang gespeichert und anschlie\u00dfend automatisch gel\u00f6scht. Wir geben diese Daten nicht weiter, k\u00f6nnen jedoch nicht ausschlie\u00dfen, dass diese Daten im Falle eines rechtswidrigen Verhaltens eingesehen werden.<\/span><\/p>\n<h4><b>Speicherung personenbezogener Daten<\/b><\/h4>\n<p><span style=\"font-weight: 400;\">Pers\u00f6nliche Daten, die Sie uns auf dieser Website elektronisch \u00fcbermitteln, wie zum Beispiel Name, E-Mail-Adresse, Adresse oder andere pers\u00f6nlichen Angaben im Rahmen der \u00dcbermittlung eines Formulars oder Kommentaren im Blog, werden von uns gemeinsam mit der Uhrzeit verwendet und die IP-Adresse nur zum angegebenen Zweck gespeichert, sicher gespeichert und nicht an Dritte weitergegeben.<\/span><\/p>\n<p><span style=\"font-weight: 400;\">Wir nutzen Ihre personenbezogenen Daten daher nur zur Kommunikation mit den Besuchern, die ausdr\u00fccklich eine Kontaktaufnahme w\u00fcnschen und zur Abwicklung der auf dieser Website angebotenen Dienstleistungen und Produkte. Wir geben Ihre personenbezogenen Daten nicht ohne Einwilligung weiter, k\u00f6nnen jedoch nicht ausschlie\u00dfen, dass diese Daten im Falle eines rechtswidrigen Verhaltens eingesehen werden.<\/span><\/p>\n<p><span style=\"font-weight: 400;\">Wenn Sie uns personenbezogene Daten per E-Mail senden \u2013 also au\u00dferhalb dieser Website \u2013 k\u00f6nnen wir eine sichere \u00dcbertragung und den Schutz Ihrer Daten nicht gew\u00e4hrleisten. Wir empfehlen Ihnen, vertrauliche Daten niemals unverschl\u00fcsselt per E-Mail zu \u00fcbermitteln.<\/span><\/p>\n<h4><b>Rechte gem\u00e4\u00df der Datenschutz-Grundverordnung<\/b><\/h4>\n<p><span style=\"font-weight: 400;\">Nach den Bestimmungen der DSGVO und des \u00f6sterreichischen <\/span><a href=\"https:\/\/www.ris.bka.gv.at\/GeltendeFassung.wxe?Abfrage=Bundesnormen&amp;Gesetzesnummer=10001597&amp;tid=211132498\"><span style=\"font-weight: 400;\">Datenschutzgesetzes (DSG), <\/span><\/a><span style=\"font-weight: 400;\">stehen Ihnen grunds\u00e4tzlich folgende Rechte zu:<\/span><\/p>\n<ul>\n<li style=\"font-weight: 400;\" aria-level=\"1\"><span style=\"font-weight: 400;\">Recht auf Berichtigung (Art. 16 DSGVO)<\/span><\/li>\n<li style=\"font-weight: 400;\" aria-level=\"1\"><span style=\"font-weight: 400;\">Recht auf L\u00f6schung (\u201eRecht auf Vergessenwerden\u201c) (Art. 17 DSGVO)<\/span><\/li>\n<li style=\"font-weight: 400;\" aria-level=\"1\"><span style=\"font-weight: 400;\">Recht auf Einschr\u00e4nkung der Verarbeitung (Art. 18 DSGVO)<\/span><\/li>\n<li style=\"font-weight: 400;\" aria-level=\"1\"><span style=\"font-weight: 400;\">Recht auf Benachrichtigung \u2013 Benachrichtigungspflicht im Zusammenhang mit der Berichtigung oder L\u00f6schung personenbezogener Daten oder der Einschr\u00e4nkung der Verarbeitung (Artikel 19 DSGVO)<\/span><\/li>\n<li style=\"font-weight: 400;\" aria-level=\"1\"><span style=\"font-weight: 400;\">Recht auf Daten\u00fcbertragbarkeit (Art. 20 DSGVO)<\/span><\/li>\n<li style=\"font-weight: 400;\" aria-level=\"1\"><span style=\"font-weight: 400;\">Widerspruchsrecht (Art. 21 DSGVO)<\/span><\/li>\n<li style=\"font-weight: 400;\" aria-level=\"1\"><span style=\"font-weight: 400;\">Recht, nicht einer ausschlie\u00dflich auf einer automatisierten Verarbeitung, einschlie\u00dflich Profiling, beruhenden Entscheidung unterworfen zu werden (Artikel 22 DSGVO)<\/span><\/li>\n<\/ul>\n<p><span style=\"font-weight: 400;\">Wenn Sie glauben, dass die Verarbeitung Ihrer Daten gegen das Datenschutzrecht verst\u00f6\u00dft oder Ihre datenschutzrechtlichen Anspr\u00fcche sonst in einer Weise verletzt worden sind, k\u00f6nnen Sie sich bei der Aufsichtsbeh\u00f6rde, der in \u00d6sterreich zust\u00e4ndigen Datenschutzbeh\u00f6rde, deren Website Sie finden, beschweren <\/span><a href=\"https:\/\/www.dsb.gv.at\/?tid=211132498\"><span style=\"font-weight: 400;\">www.dsb.gv.at<\/span><\/a><span style=\"font-weight: 400;\">.<\/span><\/p>\n<h4><b>TLS-Verschl\u00fcsselung mit https<\/b><\/h4>\n<p><span style=\"font-weight: 400;\">Wir nutzen https zur abh\u00f6rsicheren \u00dcbertragung von Daten im Internet (Datenschutz durch Technikgestaltung <\/span><a href=\"https:\/\/eur-lex.europa.eu\/legal-content\/DE\/TXT\/HTML\/?uri=CELEX:32016R0679&amp;from=DE&amp;tid=211132498\"><span style=\"font-weight: 400;\">Art. 25 Abs. 1 DSGVO<\/span><\/a><span style=\"font-weight: 400;\">). Durch den Einsatz von TLS (Transport Layer Security), einem Verschl\u00fcsselungsprotokoll zur sicheren Daten\u00fcbertragung im Internet, k\u00f6nnen wir den Schutz vertraulicher Daten gew\u00e4hrleisten. Die Nutzung dieser Absicherung der Daten\u00fcbertragung erkennen Sie an dem kleinen Schlosssymbol oben links im Browser und der Verwendung des Schemas https (statt http) als Teil unserer Internetadresse.<\/span><\/p>\n<h4><b>jQuery CDN-Datenschutzrichtlinie<\/b><\/h4>\n<p><span style=\"font-weight: 400;\">Um unsere Website oder alle unsere einzelnen Unterseiten (Websites) schnell und einfach auf unterschiedlichen Ger\u00e4ten auszuliefern, nutzen wir die Dienste von jQuery CDN der Firma jQuery Foundation. jQuery wird \u00fcber das Content Delivery Network (CDN) des amerikanischen Softwareunternehmens StackPath (LCC 2012 McKinney Ave. Suite 1100, Dallas, TX 75201, USA) betrieben. Dieser Dienst speichert, verwaltet und verarbeitet Ihre personenbezogenen Daten.<\/span><\/p>\n<p><span style=\"font-weight: 400;\">Ein Content Delivery Network (CDN) ist ein Netzwerk aus regional verteilten Servern, die \u00fcber das Internet miteinander verbunden sind. Durch dieses Netzwerk k\u00f6nnen Inhalte, insbesondere sehr gro\u00dfe Dateien, auch bei gro\u00dfen Lastspitzen schnell bereitgestellt werden.<\/span><\/p>\n<p><span style=\"font-weight: 400;\">jQuery verwendet JavaScript-Bibliotheken, um unsere Website-Inhalte schnell bereitzustellen. Hierzu l\u00e4dt ein CDN-Server die notwendigen Dateien. Sobald eine Verbindung zum CDN-Server hergestellt wird, wird Ihre IP-Adresse erfasst und gespeichert. Dies geschieht jedoch nur, sofern diese Daten nicht bereits aufgrund eines fr\u00fcheren Website-Besuchs in Ihrem Browser gespeichert sind.<\/span><\/p>\n<p><span style=\"font-weight: 400;\">In der Datenschutzerkl\u00e4rung von StackPath wird ausdr\u00fccklich darauf hingewiesen, dass StackPath zur Erh\u00f6hung der Sicherheit und f\u00fcr die eigenen Dienste aggregierte und anonymisierte Daten verschiedener Dienste (z. B. jQuery) verwendet. Durch diese Daten ist jedoch kein R\u00fcckschluss auf eine Person m\u00f6glich.<\/span><\/p>\n<p><span style=\"font-weight: 400;\">Wenn Sie eine solche Daten\u00fcbertragung nicht w\u00fcnschen, besteht jederzeit die M\u00f6glichkeit, Java-Script-Blocker wie <\/span><a href=\"https:\/\/www.ghostery.com\/de\/\"><span style=\"font-weight: 400;\">ghostery.com <\/span><\/a><span style=\"font-weight: 400;\">oder <\/span><a href=\"https:\/\/noscript.net\/\"><span style=\"font-weight: 400;\">noscript.net<\/span><\/a><span style=\"font-weight: 400;\">. Sie k\u00f6nnen die Ausf\u00fchrung von JavaScript-Codes in Ihrem Browser jedoch auch einfach deaktivieren. Wenn Sie sich f\u00fcr die Deaktivierung von JavaScript-Codes entscheiden, \u00e4ndern sich auch die gewohnten Funktionen. Beispielsweise wird eine Website nicht mehr so schnell geladen.<\/span><\/p>\n<p><span style=\"font-weight: 400;\">StackPath ist ein aktiver Teilnehmer am EU-U.S. Privacy Shield Framework, das die korrekte und sichere Daten\u00fcbertragung personenbezogener Daten regelt. Weitere Informationen finden Sie unter <\/span><a href=\"https:\/\/www.privacyshield.gov\/participant?id=a2zt0000000CbahAAC&amp;status=Active\"><span style=\"font-weight: 400;\">www.privacyshield.gov<\/span><\/a><span style=\"font-weight: 400;\">.<\/span><span style=\"font-weight: 400;\"><br \/><\/span><span style=\"font-weight: 400;\">Weitere Informationen zum Datenschutz bei StackPath finden Sie unter <\/span><a href=\"https:\/\/www.stackpath.com\/legal\/privacy-statement\/?tid=211132498\"><span style=\"font-weight: 400;\">www.stackpath.com<\/span><\/a><span style=\"font-weight: 400;\">und jQuery unter <\/span><a href=\"https:\/\/openjsf.org\/wp-content\/uploads\/sites\/84\/2019\/11\/OpenJS-Foundation-Privacy-Policy-2019-11-15.pdf\"><span style=\"font-weight: 400;\">openjsf.org<\/span><\/a><span style=\"font-weight: 400;\">.<\/span><\/p>\n<h4><b>Newsletter und E-Mails<\/b><\/h4>\n<p><span style=\"font-weight: 400;\">Mit dem Erhalt unserer Informationen und Einladungen zu Veranstaltungen per E-Mail erkl\u00e4ren Sie sich mit dem Empfang und den beschriebenen Vorgehensweisen einverstanden. Zu den Daten wie Name und E-Mail-Adresse erheben wir Informationen \u00fcber Ihre individuelle Nutzung (z. B. Anzahl und Datum des eingegangenen Versands, \u00d6ffnungsrate, Klickrate auf Links sowie verwendetes Mailprogramm und Endger\u00e4t). Wir nutzen diese Daten, um unser Angebot kontinuierlich zu verbessern. Die erteilte Einwilligung zur Speicherung der Daten, der E-Mail-Adresse sowie deren Nutzung zum Versand des Newsletters k\u00f6nnen Sie jederzeit \u00fcber den \u201eAustragen\u201c-Link am Ende jedes Newsletters widerrufen.<\/span><span style=\"font-weight: 400;\"><br \/><\/span><span style=\"font-weight: 400;\">Der Versand der Newsletter erfolgt durch den Versanddienstleister [HubSpot, 25 First Street, Cambridge, MA 02141 USA ]. Die Datenschutzbestimmungen des Versanddienstleisters k\u00f6nnen Sie hier einsehen: [<\/span><a href=\"https:\/\/legal.hubspot.com\/de\/privacy-policy\"><span style=\"font-weight: 400;\">https:\/\/legal.hubspot.com\/de\/privacy-policy<\/span><\/a><span style=\"font-weight: 400;\">]. Der Versanddienstleister erfolgt auf Grundlage unserer berechtigten Interessen gem. Kunst. 6 Abs. 1 lit. f DSGVO und ein Auftragsverarbeitungsvertrag gem. Kunst. 28 Abs. 3 p. 1 DSGVO genutzt.<\/span><\/p>\n\t\t\t\t\t\t<\/div>\n\t\t\t\t<\/div>\n\t\t\t\t\t<\/div>\n\t\t<\/div>\n\t\t\t\t\t\t\t<\/div>\n\t\t<\/section>\n\t\t\t\t\t\t\t<\/div>\n\t\t","protected":false},"excerpt":{"rendered":"<p>Datenschutzrichtlinie Wir haben diese Datenschutzerkl\u00e4rung (Version 27.08.2020-211132498) verfasst, um Ihnen gem\u00e4\u00df den Anforderungen der Datenschutz-Grundverordnung (EU) 2016\/679zu erkl\u00e4ren, welche Informationen wir sammeln, wie wir Daten verwenden und was Wahlm\u00f6glichkeiten, die Sie als Besucher dieser Website haben. Automatische Datenspeicherung Wenn Sie heute Websites besuchen, werden bestimmte Informationen automatisch erstellt und gespeichert, auch auf dieser Website. Wenn [&hellip;]<\/p>\n","protected":false},"author":1,"featured_media":0,"parent":0,"menu_order":0,"comment_status":"closed","ping_status":"closed","template":"","meta":{"_seopress_robots_primary_cat":"","footnotes":""},"class_list":["post-1556","page","type-page","status-publish","hentry"],"_links":{"self":[{"href":"https:\/\/fibonacci.co.at\/de\/wp-json\/wp\/v2\/pages\/1556","targetHints":{"allow":["GET"]}}],"collection":[{"href":"https:\/\/fibonacci.co.at\/de\/wp-json\/wp\/v2\/pages"}],"about":[{"href":"https:\/\/fibonacci.co.at\/de\/wp-json\/wp\/v2\/types\/page"}],"author":[{"embeddable":true,"href":"https:\/\/fibonacci.co.at\/de\/wp-json\/wp\/v2\/users\/1"}],"replies":[{"embeddable":true,"href":"https:\/\/fibonacci.co.at\/de\/wp-json\/wp\/v2\/comments?post=1556"}],"version-history":[{"count":0,"href":"https:\/\/fibonacci.co.at\/de\/wp-json\/wp\/v2\/pages\/1556\/revisions"}],"wp:attachment":[{"href":"https:\/\/fibonacci.co.at\/de\/wp-json\/wp\/v2\/media?parent=1556"}],"curies":[{"name":"wp","href":"https:\/\/api.w.org\/{rel}","templated":true}]}}